{"id":9,"date":"2022-05-03T15:47:51","date_gmt":"2022-05-03T15:47:51","guid":{"rendered":"https:\/\/hhisannointi.fi\/?page_id=9"},"modified":"2022-05-18T15:21:49","modified_gmt":"2022-05-18T15:21:49","slug":"portfolio","status":"publish","type":"page","link":"https:\/\/hhisannointi.fi\/index.php\/portfolio\/","title":{"rendered":""},"content":{"rendered":"\n<div class=\"wp-block-cover alignfull\" style=\"min-height:300px;aspect-ratio:unset;\"><span aria-hidden=\"true\" class=\"has-nv-site-bg-background-color has-background-dim-100 wp-block-cover__gradient-background has-background-dim\"><\/span><div class=\"wp-block-cover__inner-container is-layout-flow wp-block-cover-is-layout-flow\">\n<h1 class=\"has-text-align-center has-text-align-left has-neve-text-color-color has-text-color wp-block-heading\">Asukassivut<\/h1>\n\n\n\n<div class=\"wp-block-group\"><div class=\"wp-block-group__inner-container is-layout-flow wp-block-group-is-layout-flow\">\n<p class=\"has-text-align-center has-neve-link-color-color has-text-color\">Asukassivuilta saat tietoa taloyhti\u00f6si ajankohtaisista asioista. Asukassivujen kautta voit my\u00f6s k\u00e4tev\u00e4sti tehd\u00e4 muutosty\u00f6- ja muut ilmoitukset is\u00e4nn\u00f6itsij\u00e4lle.<\/p>\n\n\n\n<figure class=\"wp-block-pullquote\"><blockquote><p><\/p><\/blockquote><\/figure>\n\n\n\n<p><\/p>\n\n\n\n<figure class=\"wp-block-gallery has-nested-images columns-default is-cropped wp-block-gallery-2 is-layout-flex wp-block-gallery-is-layout-flex\">\n<figure class=\"wp-block-image size-large wp-duotone-000000-ffffff-1\"><img loading=\"lazy\" decoding=\"async\" width=\"942\" height=\"526\" data-id=\"91\" src=\"https:\/\/hhisannointi.fi\/wp-content\/uploads\/2022\/05\/HH-logo.png\" alt=\"\" class=\"wp-image-91\" srcset=\"https:\/\/hhisannointi.fi\/wp-content\/uploads\/2022\/05\/HH-logo.png 942w, https:\/\/hhisannointi.fi\/wp-content\/uploads\/2022\/05\/HH-logo-300x168.png 300w, https:\/\/hhisannointi.fi\/wp-content\/uploads\/2022\/05\/HH-logo-768x429.png 768w\" sizes=\"auto, (max-width: 942px) 100vw, 942px\" \/><\/figure>\n<\/figure>\n<\/div><\/div>\n<\/div><\/div>\n\n\n\n<div class=\"wp-block-cover alignfull\" style=\"min-height:300px;aspect-ratio:unset;\"><span aria-hidden=\"true\" class=\"has-nv-dark-bg-background-color has-background-dim-100 wp-block-cover__gradient-background has-background-dim\"><\/span><div class=\"wp-block-cover__inner-container is-layout-flow wp-block-cover-is-layout-flow\">\n<div style=\"height:80px\" aria-hidden=\"true\" class=\"wp-block-spacer\"><\/div>\n\n\n\n<p class=\"has-text-align-center has-nv-text-dark-bg-color has-text-color\"><\/p>\n\n\n\n<p class=\"has-text-align-center has-nv-text-dark-bg-color has-text-color\" style=\"font-size:14px\"><\/p>\n\n\n\n<div style=\"height:80px\" aria-hidden=\"true\" class=\"wp-block-spacer\"><\/div>\n<\/div><\/div>\n","protected":false},"excerpt":{"rendered":"","protected":false},"author":1,"featured_media":0,"parent":0,"menu_order":0,"comment_status":"closed","ping_status":"closed","template":"","meta":{"neve_meta_sidebar":"","neve_meta_container":"","neve_meta_enable_content_width":"on","neve_meta_content_width":100,"neve_meta_title_alignment":"","neve_meta_author_avatar":"","neve_post_elements_order":"","neve_meta_disable_header":"","neve_meta_disable_footer":"","neve_meta_disable_title":"on","_ti_tpc_template_sync":false,"_ti_tpc_template_id":"","footnotes":""},"class_list":["post-9","page","type-page","status-publish","hentry"],"aioseo_notices":[],"_links":{"self":[{"href":"https:\/\/hhisannointi.fi\/index.php\/wp-json\/wp\/v2\/pages\/9","targetHints":{"allow":["GET"]}}],"collection":[{"href":"https:\/\/hhisannointi.fi\/index.php\/wp-json\/wp\/v2\/pages"}],"about":[{"href":"https:\/\/hhisannointi.fi\/index.php\/wp-json\/wp\/v2\/types\/page"}],"author":[{"embeddable":true,"href":"https:\/\/hhisannointi.fi\/index.php\/wp-json\/wp\/v2\/users\/1"}],"replies":[{"embeddable":true,"href":"https:\/\/hhisannointi.fi\/index.php\/wp-json\/wp\/v2\/comments?post=9"}],"version-history":[{"count":6,"href":"https:\/\/hhisannointi.fi\/index.php\/wp-json\/wp\/v2\/pages\/9\/revisions"}],"predecessor-version":[{"id":163,"href":"https:\/\/hhisannointi.fi\/index.php\/wp-json\/wp\/v2\/pages\/9\/revisions\/163"}],"wp:attachment":[{"href":"https:\/\/hhisannointi.fi\/index.php\/wp-json\/wp\/v2\/media?parent=9"}],"curies":[{"name":"wp","href":"https:\/\/api.w.org\/{rel}","templated":true}]}}