{"id":6,"date":"2022-05-03T15:47:51","date_gmt":"2022-05-03T15:47:51","guid":{"rendered":"https:\/\/hhisannointi.fi\/?page_id=6"},"modified":"2022-05-15T18:23:01","modified_gmt":"2022-05-15T18:23:01","slug":"etusivu","status":"publish","type":"page","link":"https:\/\/hhisannointi.fi\/","title":{"rendered":""},"content":{"rendered":"\n<div class=\"wp-block-columns is-layout-flex wp-container-core-columns-is-layout-9d6595d7 wp-block-columns-is-layout-flex\"><\/div>\n\n\n\n<figure class=\"wp-block-image size-large is-resized is-style-default\"><img loading=\"lazy\" decoding=\"async\" src=\"https:\/\/hhisannointi.fi\/wp-content\/uploads\/2022\/05\/HH-back-1024x677.jpg\" alt=\"\" class=\"wp-image-86\" width=\"977\" height=\"645\" srcset=\"https:\/\/hhisannointi.fi\/wp-content\/uploads\/2022\/05\/HH-back-1024x677.jpg 1024w, https:\/\/hhisannointi.fi\/wp-content\/uploads\/2022\/05\/HH-back-300x198.jpg 300w, https:\/\/hhisannointi.fi\/wp-content\/uploads\/2022\/05\/HH-back-768x508.jpg 768w, https:\/\/hhisannointi.fi\/wp-content\/uploads\/2022\/05\/HH-back.jpg 1050w\" sizes=\"auto, (max-width: 977px) 100vw, 977px\" \/><\/figure>\n\n\n\n<div style=\"height:80px\" aria-hidden=\"true\" class=\"wp-block-spacer\"><\/div>\n\n\n\n<blockquote class=\"wp-block-quote is-layout-flow wp-block-quote-is-layout-flow\"><p>H&amp;H Is\u00e4nn\u00f6inti Oy on syntynyt vastaamaan pienten ja keskisuurten yhti\u00f6iden tarpeisiin L\u00e4nsi-Uudellamaalla. Vahva rakennustekninen, oikeudellinen ja taloudellinen asiantuntemuksemme luovat perustan ammattitaitoiselle kiinteist\u00f6jen hallinnoinnille ja kehitt\u00e4miselle niin uudiskohteissa kuin yli satavuotiaissa taloissa. Tarjoamme asiakasl\u00e4ht\u00f6ist\u00e4 ja joustavaa is\u00e4nn\u00f6intipalvelua sek\u00e4 asuin- ett\u00e4 liikekiinteist\u00f6ille erityisesti kiinteist\u00f6n k\u00e4ytt\u00f6tarkoitus huomioiden.<\/p><\/blockquote>\n\n\n\n<div style=\"height:80px\" aria-hidden=\"true\" class=\"wp-block-spacer\"><\/div>\n\n\n\n<div style=\"height:80px\" aria-hidden=\"true\" class=\"wp-block-spacer\"><\/div>\n\n\n\n<div class=\"wp-block-cover alignfull\" style=\"min-height:300px;aspect-ratio:unset;\"><span aria-hidden=\"true\" class=\"has-nv-dark-bg-background-color has-background-dim-100 wp-block-cover__gradient-background has-background-dim\"><\/span><div class=\"wp-block-cover__inner-container is-layout-flow wp-block-cover-is-layout-flow\">\n<h2 class=\"has-text-align-center has-nv-text-dark-bg-color has-text-color wp-block-heading\"><\/h2>\n\n\n\n<p class=\"has-text-align-center has-medium-font-size\">info@hhisannointi.fi<\/p>\n\n\n\n<div style=\"height:140px\" aria-hidden=\"true\" class=\"wp-block-spacer\"><\/div>\n<\/div><\/div>\n\n\n\n<div style=\"height:40px\" aria-hidden=\"true\" class=\"wp-block-spacer\"><\/div>\n","protected":false},"excerpt":{"rendered":"<p>H&amp;H Is\u00e4nn\u00f6inti Oy on syntynyt vastaamaan pienten ja keskisuurten yhti\u00f6iden tarpeisiin L\u00e4nsi-Uudellamaalla. Vahva rakennustekninen, oikeudellinen ja taloudellinen asiantuntemuksemme luovat perustan ammattitaitoiselle kiinteist\u00f6jen hallinnoinnille ja kehitt\u00e4miselle niin uudiskohteissa kuin yli satavuotiaissa taloissa. Tarjoamme asiakasl\u00e4ht\u00f6ist\u00e4 ja joustavaa is\u00e4nn\u00f6intipalvelua sek\u00e4 asuin- ett\u00e4 liikekiinteist\u00f6ille erityisesti kiinteist\u00f6n k\u00e4ytt\u00f6tarkoitus huomioiden.<\/p>\n","protected":false},"author":1,"featured_media":0,"parent":0,"menu_order":0,"comment_status":"closed","ping_status":"closed","template":"","meta":{"neve_meta_sidebar":"full-width","neve_meta_container":"default","neve_meta_enable_content_width":"on","neve_meta_content_width":70,"neve_meta_title_alignment":"","neve_meta_author_avatar":"","neve_post_elements_order":"","neve_meta_disable_header":"off","neve_meta_disable_footer":"off","neve_meta_disable_title":"off","_ti_tpc_template_sync":false,"_ti_tpc_template_id":"","footnotes":""},"class_list":["post-6","page","type-page","status-publish","hentry"],"aioseo_notices":[],"_links":{"self":[{"href":"https:\/\/hhisannointi.fi\/index.php\/wp-json\/wp\/v2\/pages\/6","targetHints":{"allow":["GET"]}}],"collection":[{"href":"https:\/\/hhisannointi.fi\/index.php\/wp-json\/wp\/v2\/pages"}],"about":[{"href":"https:\/\/hhisannointi.fi\/index.php\/wp-json\/wp\/v2\/types\/page"}],"author":[{"embeddable":true,"href":"https:\/\/hhisannointi.fi\/index.php\/wp-json\/wp\/v2\/users\/1"}],"replies":[{"embeddable":true,"href":"https:\/\/hhisannointi.fi\/index.php\/wp-json\/wp\/v2\/comments?post=6"}],"version-history":[{"count":32,"href":"https:\/\/hhisannointi.fi\/index.php\/wp-json\/wp\/v2\/pages\/6\/revisions"}],"predecessor-version":[{"id":161,"href":"https:\/\/hhisannointi.fi\/index.php\/wp-json\/wp\/v2\/pages\/6\/revisions\/161"}],"wp:attachment":[{"href":"https:\/\/hhisannointi.fi\/index.php\/wp-json\/wp\/v2\/media?parent=6"}],"curies":[{"name":"wp","href":"https:\/\/api.w.org\/{rel}","templated":true}]}}